{"id":132,"date":"2017-02-14T10:46:03","date_gmt":"2017-02-14T10:46:03","guid":{"rendered":"http:\/\/www.domaine-julien.fr\/home\/"},"modified":"2021-03-19T08:20:05","modified_gmt":"2021-03-19T07:20:05","slug":"home","status":"publish","type":"page","link":"http:\/\/www.domaine-julien.fr\/ja\/","title":{"rendered":"Home"},"content":{"rendered":"","protected":false},"excerpt":{"rendered":"","protected":false},"author":1,"featured_media":0,"parent":0,"menu_order":0,"comment_status":"closed","ping_status":"open","template":"","meta":{"footnotes":""},"class_list":["post-132","page","type-page","status-publish","hentry"],"yoast_head":"<!-- This site is optimized with the Yoast SEO plugin v27.4 - https:\/\/yoast.com\/product\/yoast-seo-wordpress\/ -->\n<title>Domaine G\u00e9rard Julien &amp; Fils - C\u00f4te-de-Nuits - Bourgogne<\/title>\n<meta name=\"description\" content=\"Domaine familial de la C\u00f4te-de-Nuits \u00e0 Comblanchien (Bourgogne - 21) : Echezeaux Grand Cru - Nuits-Saint-Georges - Aloxe Corton - Bourgogne...\" \/>\n<meta name=\"robots\" content=\"index, follow, max-snippet:-1, max-image-preview:large, max-video-preview:-1\" \/>\n<link rel=\"canonical\" href=\"http:\/\/www.domaine-julien.fr\/ja\/\" \/>\n<meta property=\"og:locale\" content=\"ja_JP\" \/>\n<meta property=\"og:type\" content=\"article\" \/>\n<meta property=\"og:title\" content=\"Domaine G\u00e9rard Julien &amp; Fils - C\u00f4te-de-Nuits - Bourgogne\" \/>\n<meta property=\"og:description\" content=\"Domaine familial de la C\u00f4te-de-Nuits \u00e0 Comblanchien (Bourgogne - 21) : Echezeaux Grand Cru - Nuits-Saint-Georges - Aloxe Corton - Bourgogne...\" \/>\n<meta property=\"og:url\" content=\"http:\/\/www.domaine-julien.fr\/ja\/\" \/>\n<meta property=\"og:site_name\" content=\"Domaine Julien\" \/>\n<meta property=\"article:modified_time\" content=\"2021-03-19T07:20:05+00:00\" \/>\n<meta property=\"og:image\" content=\"http:\/\/www.domaine-julien.fr\/wp-content\/uploads\/2017\/04\/IE-DomaineJulien.jpg\" \/>\n\t<meta property=\"og:image:width\" content=\"973\" \/>\n\t<meta property=\"og:image:height\" content=\"615\" \/>\n\t<meta property=\"og:image:type\" content=\"image\/jpeg\" \/>\n<meta name=\"twitter:card\" content=\"summary_large_image\" \/>\n<script type=\"application\/ld+json\" class=\"yoast-schema-graph\">{\"@context\":\"https:\\\/\\\/schema.org\",\"@graph\":[{\"@type\":\"WebPage\",\"@id\":\"http:\\\/\\\/www.domaine-julien.fr\\\/ja\\\/\",\"url\":\"http:\\\/\\\/www.domaine-julien.fr\\\/ja\\\/\",\"name\":\"Domaine G\u00e9rard Julien & Fils - C\u00f4te-de-Nuits - Bourgogne\",\"isPartOf\":{\"@id\":\"http:\\\/\\\/www.domaine-julien.fr\\\/#website\"},\"datePublished\":\"2017-02-14T10:46:03+00:00\",\"dateModified\":\"2021-03-19T07:20:05+00:00\",\"description\":\"Domaine familial de la C\u00f4te-de-Nuits \u00e0 Comblanchien (Bourgogne - 21) : Echezeaux Grand Cru - Nuits-Saint-Georges - Aloxe Corton - Bourgogne...\",\"breadcrumb\":{\"@id\":\"http:\\\/\\\/www.domaine-julien.fr\\\/ja\\\/#breadcrumb\"},\"inLanguage\":\"ja\",\"potentialAction\":[{\"@type\":\"ReadAction\",\"target\":[\"http:\\\/\\\/www.domaine-julien.fr\\\/ja\\\/\"]}]},{\"@type\":\"BreadcrumbList\",\"@id\":\"http:\\\/\\\/www.domaine-julien.fr\\\/ja\\\/#breadcrumb\",\"itemListElement\":[{\"@type\":\"ListItem\",\"position\":1,\"name\":\"Accueil\",\"item\":\"http:\\\/\\\/www.domaine-julien.fr\\\/ja\\\/\"},{\"@type\":\"ListItem\",\"position\":2,\"name\":\"Home\"}]},{\"@type\":\"WebSite\",\"@id\":\"http:\\\/\\\/www.domaine-julien.fr\\\/#website\",\"url\":\"http:\\\/\\\/www.domaine-julien.fr\\\/\",\"name\":\"Domaine Julien\",\"description\":\"Domaine Julien G\u00e9rard &amp; Fils\",\"potentialAction\":[{\"@type\":\"SearchAction\",\"target\":{\"@type\":\"EntryPoint\",\"urlTemplate\":\"http:\\\/\\\/www.domaine-julien.fr\\\/?s={search_term_string}\"},\"query-input\":{\"@type\":\"PropertyValueSpecification\",\"valueRequired\":true,\"valueName\":\"search_term_string\"}}],\"inLanguage\":\"ja\"}]}<\/script>\n<!-- \/ Yoast SEO plugin. -->","yoast_head_json":{"title":"Domaine G\u00e9rard Julien & Fils - C\u00f4te-de-Nuits - Bourgogne","description":"Domaine familial de la C\u00f4te-de-Nuits \u00e0 Comblanchien (Bourgogne - 21) : Echezeaux Grand Cru - Nuits-Saint-Georges - Aloxe Corton - Bourgogne...","robots":{"index":"index","follow":"follow","max-snippet":"max-snippet:-1","max-image-preview":"max-image-preview:large","max-video-preview":"max-video-preview:-1"},"canonical":"http:\/\/www.domaine-julien.fr\/ja\/","og_locale":"ja_JP","og_type":"article","og_title":"Domaine G\u00e9rard Julien & Fils - C\u00f4te-de-Nuits - Bourgogne","og_description":"Domaine familial de la C\u00f4te-de-Nuits \u00e0 Comblanchien (Bourgogne - 21) : Echezeaux Grand Cru - Nuits-Saint-Georges - Aloxe Corton - Bourgogne...","og_url":"http:\/\/www.domaine-julien.fr\/ja\/","og_site_name":"Domaine Julien","article_modified_time":"2021-03-19T07:20:05+00:00","og_image":[{"width":973,"height":615,"url":"http:\/\/www.domaine-julien.fr\/wp-content\/uploads\/2017\/04\/IE-DomaineJulien.jpg","type":"image\/jpeg"}],"twitter_card":"summary_large_image","schema":{"@context":"https:\/\/schema.org","@graph":[{"@type":"WebPage","@id":"http:\/\/www.domaine-julien.fr\/ja\/","url":"http:\/\/www.domaine-julien.fr\/ja\/","name":"Domaine G\u00e9rard Julien & Fils - C\u00f4te-de-Nuits - Bourgogne","isPartOf":{"@id":"http:\/\/www.domaine-julien.fr\/#website"},"datePublished":"2017-02-14T10:46:03+00:00","dateModified":"2021-03-19T07:20:05+00:00","description":"Domaine familial de la C\u00f4te-de-Nuits \u00e0 Comblanchien (Bourgogne - 21) : Echezeaux Grand Cru - Nuits-Saint-Georges - Aloxe Corton - Bourgogne...","breadcrumb":{"@id":"http:\/\/www.domaine-julien.fr\/ja\/#breadcrumb"},"inLanguage":"ja","potentialAction":[{"@type":"ReadAction","target":["http:\/\/www.domaine-julien.fr\/ja\/"]}]},{"@type":"BreadcrumbList","@id":"http:\/\/www.domaine-julien.fr\/ja\/#breadcrumb","itemListElement":[{"@type":"ListItem","position":1,"name":"Accueil","item":"http:\/\/www.domaine-julien.fr\/ja\/"},{"@type":"ListItem","position":2,"name":"Home"}]},{"@type":"WebSite","@id":"http:\/\/www.domaine-julien.fr\/#website","url":"http:\/\/www.domaine-julien.fr\/","name":"Domaine Julien","description":"Domaine Julien G\u00e9rard &amp; Fils","potentialAction":[{"@type":"SearchAction","target":{"@type":"EntryPoint","urlTemplate":"http:\/\/www.domaine-julien.fr\/?s={search_term_string}"},"query-input":{"@type":"PropertyValueSpecification","valueRequired":true,"valueName":"search_term_string"}}],"inLanguage":"ja"}]}},"_links":{"self":[{"href":"http:\/\/www.domaine-julien.fr\/ja\/wp-json\/wp\/v2\/pages\/132","targetHints":{"allow":["GET"]}}],"collection":[{"href":"http:\/\/www.domaine-julien.fr\/ja\/wp-json\/wp\/v2\/pages"}],"about":[{"href":"http:\/\/www.domaine-julien.fr\/ja\/wp-json\/wp\/v2\/types\/page"}],"author":[{"embeddable":true,"href":"http:\/\/www.domaine-julien.fr\/ja\/wp-json\/wp\/v2\/users\/1"}],"replies":[{"embeddable":true,"href":"http:\/\/www.domaine-julien.fr\/ja\/wp-json\/wp\/v2\/comments?post=132"}],"version-history":[{"count":1,"href":"http:\/\/www.domaine-julien.fr\/ja\/wp-json\/wp\/v2\/pages\/132\/revisions"}],"predecessor-version":[{"id":133,"href":"http:\/\/www.domaine-julien.fr\/ja\/wp-json\/wp\/v2\/pages\/132\/revisions\/133"}],"wp:attachment":[{"href":"http:\/\/www.domaine-julien.fr\/ja\/wp-json\/wp\/v2\/media?parent=132"}],"curies":[{"name":"wp","href":"https:\/\/api.w.org\/{rel}","templated":true}]}}